{"id":95,"date":"2015-09-15T17:34:49","date_gmt":"2015-09-15T17:34:49","guid":{"rendered":"http:\/\/mytest.printer-doc.de\/?page_id=95"},"modified":"2026-03-25T08:48:51","modified_gmt":"2026-03-25T08:48:51","slug":"preise","status":"publish","type":"page","link":"https:\/\/www.bolzenbacher-hof.de\/?page_id=95","title":{"rendered":"Preise <br \/> prices"},"content":{"rendered":"<div class=\"ce_text block\">\n<table>\n<tbody>\n<tr>\n<td style=\"padding-left: 30px;\">Unsere Preise sind f\u00fcr dieses Jahr unver\u00e4ndert .<br \/>\nHalbpension ist m\u00f6glich, wir bitten Sie in diesem Fall mit uns Kontakt aufzunehmen.Achtung: Bitte beachten Sie, das wir Ihnen bei kurzfristigen Stonierungen laut unserer AGB den Mietpreis in Rechnungstellen k\u00f6nnen!<\/td>\n<p style=\"text-align: center;\"><strong>Unsere Rezeption ist f\u00fcr den Check in von 16.00 Uhr bis 20.00 Uhr besetzt.<\/strong><\/p>\n<\/tr>\n<\/tbody>\n<\/table>\n<\/div>\n<div class=\"ce_text last block\">\n<p class=\"Stil2\" style=\"text-align: center;\">Die Preise verstehen sich pro Zimmer\/Nacht und enthalten die gestzliche MwSt.<\/p>\n<table style=\"height: 159px;\" width=\"622\" cellspacing=\"2\" cellpadding=\"2\">\n<tbody>\n<tr>\n<td style=\"padding-left: 270px;\"><\/td>\n<td>Einzelzimmer<\/td>\n<td>Doppelzimmer<\/td>\n<\/tr>\n<tr>\n<td>\n<p style=\"padding-left: 180px;\">ohne Fr\u00fchst\u00fcck<\/p>\n<p style=\"padding-left: 180px;\">mit Fr\u00fchst\u00fcck<\/p>\n<\/td>\n<td>\n<p style=\"padding-left: 30px;\"><strong><span class=\"Stil1\">70 \u20ac<br \/>\n<\/span><\/strong><\/p>\n<p style=\"padding-left: 30px;\"><strong><span class=\"Stil1\">85 \u20ac<br \/>\n<\/span><\/strong><\/p>\n<\/td>\n<td>\n<p style=\"padding-left: 30px;\"><strong><span class=\"Stil1\">90 \u20ac<br \/>\n<\/span><\/strong><\/p>\n<p style=\"padding-left: 30px;\"><strong><span class=\"Stil1\">120 \u20ac<br \/>\n<\/span><\/strong><\/p>\n<\/td>\n<\/tr>\n<\/tbody>\n<\/table>\n<p>&nbsp;<\/p>\n<p style=\"color: red;\"rel=\"noopener\">Achtung !!! Neu bei uns !!!<\/a><\/p>\n<p style=\"text-align: center;\">Profitieren Sie von unserem Mengenrabatt: Ab dem zweiten gebuchten Zimmer reduziert sich der Preis um 5,00 \u20ac einmalig pro Nacht und Zimmer. Ab dem dritten Zimmer reduziert sich der Preis sogar um 10,00 \u20ac pro Nacht und Zimmer.<\/p>\n<p style=\"text-align: center;\"><em>Reservieren Sie Ihre Zimmer per Mail unter <a href=\"mailto:bolzenbacher-hof@t-online.de\">bolzenbacher-hof@t-online.de<\/em><strong><\/a><\/p>\n<p style=\"text-align: center;\">Fr\u00fchst\u00fcck bieten wir am Wochende zwischen 8.00 Uhr und 10.00 Uhr an.   Unter der Woche f\u00fcr Gruppen ab 6 Personen.<\/p>\n<p style=\"text-align: center;\">Ein hauseigener Parkplatz steht Ihnen am Hotel <strong>kostenlos<\/strong> zur\u00a0Verf\u00fcgung.<\/p>\n<p style=\"text-align: center;\"><a href=\"https:\/\/www.bolzenbacher-hof.de\/wp-content\/uploads\/2017\/10\/agb_bolzenbacher-Hof.pdf\" target=\"_blank\" rel=\"noopener\">Die Vermietung unserer Zimmer erfolgt auf Grundlage unserer AGB\u00b4s. Einzusehen im Internet oder an der Hotel Rezeption.<\/a><\/p>\n<\/div>\n<p>&#8211;<\/p>\n<div class=\"ce_text block\">\n<table>\n<tbody>\n<tr>\n<td style=\"padding-left: 30px;\">Our prices are unchanged for this year.<br \/>\nHalf board is possible, in this case we ask you to contact us. Attention: Please note that we can bill you for the rental price in the event of short-term cancellations according to our terms and conditions!<\/td>\n<p style=\"text-align: center;\"><strong>Rezeption will be opend for Check in from 4.00 pm to 8.00 pm<\/strong><\/p>\n<\/tr>\n<\/tbody>\n<\/table>\n<\/div>\n<div class=\"ce_text last block\">\n<p class=\"Stil2\" style=\"text-align: center;\">The prices are per room\/night and include VAT.\n<\/p>\n<table style=\"height: 159px;\" width=\"622\" cellspacing=\"2\" cellpadding=\"2\">\n<tbody>\n<tr>\n<td style=\"padding-left: 270px;\"><\/td>\n<td>single room<\/td>\n<td>double room<\/td>\n<\/tr>\n<tr>\n<td>\n<p style=\"padding-left: 180px;\">excl. breakfast<\/p>\n<\/td>\n<td>\n<p style=\"padding-left: 30px;\"><strong><span class=\"Stil1\">70 \u20ac<br \/>\n<\/span><\/strong><\/p>\n<\/td>\n<td>\n<p style=\"padding-left: 30px;\"><strong><span class=\"Stil1\">90 \u20ac<br \/>\n<\/span><\/strong><\/p>\n<\/td>\n<\/tr>\n<\/tbody>\n<\/table>\n<p>&nbsp;<\/p>\n<p style=\"text-align: center;\"><em>Reserve your room by email at <a href=\"mailto:bolzenbacher-hof@t-online.de\">bolzenbacher-hof@t-online.de<\/em><strong><\/a><\/p>\n<p style=\"text-align: center;\">We are happy to offer you special conditions for fitters. Just ask.<\/p>\n<p style=\"text-align: center;\">A private parking lot is available for <strong>free<\/strong> at the hotel.<\/p>\n<p style=\"text-align: center;\"><a href=\"https:\/\/www.bolzenbacher-hof.de\/wp-content\/uploads\/2017\/10\/agb_bolzenbacher-Hof.pdf\" target=\"_blank\" rel=\"noopener\">Our rooms are rented on the basis of our terms and conditions.  View online or at the hotel reception.<\/a><\/p>\n<\/div>\n","protected":false},"excerpt":{"rendered":"<p>Unsere Preise sind f\u00fcr dieses Jahr unver\u00e4ndert . Halbpension ist m\u00f6glich, wir bitten Sie in diesem Fall mit uns Kontakt aufzunehmen.Achtung: Bitte beachten Sie, das wir Ihnen bei kurzfristigen Stonierungen&#8230; <\/p>\n","protected":false},"author":2,"featured_media":0,"parent":93,"menu_order":1,"comment_status":"closed","ping_status":"closed","template":"","meta":{"footnotes":""},"class_list":["post-95","page","type-page","status-publish","hentry"],"_links":{"self":[{"href":"https:\/\/www.bolzenbacher-hof.de\/index.php?rest_route=\/wp\/v2\/pages\/95","targetHints":{"allow":["GET"]}}],"collection":[{"href":"https:\/\/www.bolzenbacher-hof.de\/index.php?rest_route=\/wp\/v2\/pages"}],"about":[{"href":"https:\/\/www.bolzenbacher-hof.de\/index.php?rest_route=\/wp\/v2\/types\/page"}],"author":[{"embeddable":true,"href":"https:\/\/www.bolzenbacher-hof.de\/index.php?rest_route=\/wp\/v2\/users\/2"}],"replies":[{"embeddable":true,"href":"https:\/\/www.bolzenbacher-hof.de\/index.php?rest_route=%2Fwp%2Fv2%2Fcomments&post=95"}],"version-history":[{"count":37,"href":"https:\/\/www.bolzenbacher-hof.de\/index.php?rest_route=\/wp\/v2\/pages\/95\/revisions"}],"predecessor-version":[{"id":616,"href":"https:\/\/www.bolzenbacher-hof.de\/index.php?rest_route=\/wp\/v2\/pages\/95\/revisions\/616"}],"up":[{"embeddable":true,"href":"https:\/\/www.bolzenbacher-hof.de\/index.php?rest_route=\/wp\/v2\/pages\/93"}],"wp:attachment":[{"href":"https:\/\/www.bolzenbacher-hof.de\/index.php?rest_route=%2Fwp%2Fv2%2Fmedia&parent=95"}],"curies":[{"name":"wp","href":"https:\/\/api.w.org\/{rel}","templated":true}]}}