{"id":38,"date":"2015-09-03T14:40:55","date_gmt":"2015-09-03T14:40:55","guid":{"rendered":"http:\/\/mytest.printer-doc.de\/?page_id=38"},"modified":"2022-07-21T14:17:09","modified_gmt":"2022-07-21T14:17:09","slug":"restaurant","status":"publish","type":"page","link":"https:\/\/www.bolzenbacher-hof.de\/?page_id=38","title":{"rendered":"Restaurant<br \/> restaurant"},"content":{"rendered":"<p class=\"hide-if-no-js\"><a id=\"set-post-thumbnail\" class=\"thickbox\" title=\"Beitragsbild festlegen\" href=\"http:\/\/mytest.printer-doc.de\/wp-admin\/media-upload.php?post_id=38&amp;type=image&amp;TB_iframe=1\"><img loading=\"lazy\" decoding=\"async\" class=\"attachment-266x266 alignnone\" src=\"http:\/\/bolzenbacher-hof.de\/wp-content\/uploads\/2015\/09\/20150819_151432-300x169.jpg\" alt=\"20150819_151432\" width=\"266\" height=\"150\" \/><\/a><\/p>\n<p class=\"Stil2\">Der &#8222;Bolzenbacher Hof&#8220; ist bekannt f\u00fcr seine gute K\u00fcche und seine Spezialit\u00e4ten.<\/p>\n<p class=\"Stil2\">Das wechselnde Tagesmen\u00fc sowie Aktionen finden Sie in unseren Neuigkeiten.<\/p>\n<p class=\"hide-if-no-js\">Wir w\u00fcnschen Ihnen einen<\/p>\n<p class=\"Stil2\">&#8222;Guten Appetit!&#8220;<\/p>\n<p>&#8211;<\/p>\n<p class=\"Stil2\">The &#8222;Bolzenbacher Hof&#8220; is known for its good cuisine and its specialities.<\/p>\n<p class=\"Stil2\">You can find the changing daily menu and promotions in our news.<\/p>\n<p class=\"hide-if-no-js\">Enjoy your meal <\/p>\n<p class=\"Stil2\">or in german: &#8222;Guten Appetit!&#8220;<\/p>\n","protected":false},"excerpt":{"rendered":"<p>Der &#8222;Bolzenbacher Hof&#8220; ist bekannt f\u00fcr seine gute K\u00fcche und seine Spezialit\u00e4ten. Das wechselnde Tagesmen\u00fc sowie Aktionen finden Sie in unseren Neuigkeiten. Wir w\u00fcnschen Ihnen einen &#8222;Guten Appetit!&#8220; &#8211; The&#8230; <\/p>\n","protected":false},"author":2,"featured_media":39,"parent":0,"menu_order":1,"comment_status":"closed","ping_status":"closed","template":"","meta":{"footnotes":""},"class_list":["post-38","page","type-page","status-publish","has-post-thumbnail","hentry"],"_links":{"self":[{"href":"https:\/\/www.bolzenbacher-hof.de\/index.php?rest_route=\/wp\/v2\/pages\/38","targetHints":{"allow":["GET"]}}],"collection":[{"href":"https:\/\/www.bolzenbacher-hof.de\/index.php?rest_route=\/wp\/v2\/pages"}],"about":[{"href":"https:\/\/www.bolzenbacher-hof.de\/index.php?rest_route=\/wp\/v2\/types\/page"}],"author":[{"embeddable":true,"href":"https:\/\/www.bolzenbacher-hof.de\/index.php?rest_route=\/wp\/v2\/users\/2"}],"replies":[{"embeddable":true,"href":"https:\/\/www.bolzenbacher-hof.de\/index.php?rest_route=%2Fwp%2Fv2%2Fcomments&post=38"}],"version-history":[{"count":4,"href":"https:\/\/www.bolzenbacher-hof.de\/index.php?rest_route=\/wp\/v2\/pages\/38\/revisions"}],"predecessor-version":[{"id":633,"href":"https:\/\/www.bolzenbacher-hof.de\/index.php?rest_route=\/wp\/v2\/pages\/38\/revisions\/633"}],"wp:featuredmedia":[{"embeddable":true,"href":"https:\/\/www.bolzenbacher-hof.de\/index.php?rest_route=\/wp\/v2\/media\/39"}],"wp:attachment":[{"href":"https:\/\/www.bolzenbacher-hof.de\/index.php?rest_route=%2Fwp%2Fv2%2Fmedia&parent=38"}],"curies":[{"name":"wp","href":"https:\/\/api.w.org\/{rel}","templated":true}]}}