{"id":35,"date":"2015-09-03T14:09:42","date_gmt":"2015-09-03T14:09:42","guid":{"rendered":"http:\/\/mytest.printer-doc.de\/?page_id=35"},"modified":"2022-07-21T14:18:10","modified_gmt":"2022-07-21T14:18:10","slug":"wir-ueber-uns","status":"publish","type":"page","link":"https:\/\/www.bolzenbacher-hof.de\/?page_id=35","title":{"rendered":"Wir \u00fcber uns <br \/>  About us"},"content":{"rendered":"<div class=\"ce_text block\">\n<p>Seit\u00a0dem 01.08.2015 ist es soweit, der &#8222;neue&#8220; Bolzenbacher-Hof stellt sich vor.<\/p>\n<p>Unser &#8222;alter&#8220; und &#8222;neuer&#8220; Chefkoch Dennis Vierzigmann \u00fcbernimmt die Gesch\u00e4ftf\u00fchrung<\/p>\n<p>und bietet Ihnen wie gewohnt au\u00dfergew\u00f6hnliche und leckere Speisen.<\/p>\n<p>\u00dcberzeugen Sie sich selbst und lassen Sie sich vom Chef pers\u00f6nlich bekochen.<\/p>\n<\/div>\n<div class=\"ce_text block\">\n<p>Unsere Philosophie:<\/p>\n<p>Eine frische, raffinierte K\u00fcche, bevorzugt regionalen Waren mit Pfiff zubereitet.<br \/>\nDie begleitenden internationalen Weine machen es komplett.<\/p>\n<\/div>\n<div class=\"ce_text last block\">\n<table>\n<tbody>\n<tr>\n<td>Wir freuen uns Sie bald bei uns begr\u00fc\u00dfen zu d\u00fcrfen.<\/p>\n<p>Ihr<br \/>\nTeam vom Bolzenbacher Hof<\/p>\n<p>Alsbacher Strasse 14<\/p>\n<p>51789 Lindlar<\/p>\n<p>Tel.: +49 2266 8828<\/p>\n<p>Fax.: +49 2266 4638351<\/p>\n<address>\u00d6ffnungszeiten:<\/address>\n<address>Montag und Dienstag: Ruhetag<\/address>\n<address>Mittwoch bis Sonntag:<\/address>\n<address>\u00a0ab 16:59 Uhr<\/address>\n<\/td>\n<\/tr>\n<\/tbody>\n<\/table>\n<\/div>\n<p>&#8211;<\/p>\n<div class=\"ce_text block\">\n<p>Since August 1st, 2015 the time has come, the &#8222;new&#8220; Bolzenbacher Hof introduces itself.<\/p>\n<p>Our &#8222;old&#8220; and &#8222;new&#8220; chef Dennis Vierzigmann takes over the management<\/p>\n<p>and offers you exceptional and delicious dishes as usual.<\/p>\n<p>Convince yourself and let the chef cook for you personally.<\/p>\n<\/div>\n<div class=\"ce_text block\">\n<p>Our philosophy:<\/p>\n<p>EFresh, refined cuisine, preferably regional products prepared with a twist.<br \/>\nThe accompanying international wines make it complete.<\/p>\n<\/div>\n<div class=\"ce_text last block\">\n<table>\n<tbody>\n<tr>\n<td>We look forward to welcoming you soon.<\/p>\n<p>Your<br \/>\nteam from the Bolzenbacher Hof<\/p>\n<p>Alsbacher Strasse 14<\/p>\n<p>51789 Lindlar<\/p>\n<p>Tel.: +49 2266 8828<\/p>\n<p>Fax.: +49 2266 4638351<\/p>\n<address>\u00d6ffnungszeiten:<\/address>\n<address>Monday and Tuesday: rest day<\/address>\n<address>Wednesday to Sunday:<\/address>\n<address> from 4:59 p.m<\/address>\n<\/td>\n<\/tr>\n<\/tbody>\n<\/table>\n<\/div>\n","protected":false},"excerpt":{"rendered":"<p>Seit\u00a0dem 01.08.2015 ist es soweit, der &#8222;neue&#8220; Bolzenbacher-Hof stellt sich vor. Unser &#8222;alter&#8220; und &#8222;neuer&#8220; Chefkoch Dennis Vierzigmann \u00fcbernimmt die Gesch\u00e4ftf\u00fchrung und bietet Ihnen wie gewohnt au\u00dfergew\u00f6hnliche und leckere Speisen&#8230;. <\/p>\n","protected":false},"author":2,"featured_media":0,"parent":0,"menu_order":4,"comment_status":"closed","ping_status":"closed","template":"","meta":{"footnotes":""},"class_list":["post-35","page","type-page","status-publish","hentry"],"_links":{"self":[{"href":"https:\/\/www.bolzenbacher-hof.de\/index.php?rest_route=\/wp\/v2\/pages\/35","targetHints":{"allow":["GET"]}}],"collection":[{"href":"https:\/\/www.bolzenbacher-hof.de\/index.php?rest_route=\/wp\/v2\/pages"}],"about":[{"href":"https:\/\/www.bolzenbacher-hof.de\/index.php?rest_route=\/wp\/v2\/types\/page"}],"author":[{"embeddable":true,"href":"https:\/\/www.bolzenbacher-hof.de\/index.php?rest_route=\/wp\/v2\/users\/2"}],"replies":[{"embeddable":true,"href":"https:\/\/www.bolzenbacher-hof.de\/index.php?rest_route=%2Fwp%2Fv2%2Fcomments&post=35"}],"version-history":[{"count":12,"href":"https:\/\/www.bolzenbacher-hof.de\/index.php?rest_route=\/wp\/v2\/pages\/35\/revisions"}],"predecessor-version":[{"id":666,"href":"https:\/\/www.bolzenbacher-hof.de\/index.php?rest_route=\/wp\/v2\/pages\/35\/revisions\/666"}],"wp:attachment":[{"href":"https:\/\/www.bolzenbacher-hof.de\/index.php?rest_route=%2Fwp%2Fv2%2Fmedia&parent=35"}],"curies":[{"name":"wp","href":"https:\/\/api.w.org\/{rel}","templated":true}]}}