{"id":127,"date":"2015-09-22T14:10:42","date_gmt":"2015-09-22T14:10:42","guid":{"rendered":"http:\/\/mytest.printer-doc.de\/?page_id=127"},"modified":"2022-07-21T14:18:37","modified_gmt":"2022-07-21T14:18:37","slug":"reservierung-feedback","status":"publish","type":"page","link":"https:\/\/www.bolzenbacher-hof.de\/?page_id=127","title":{"rendered":"Reservierung \/ Feedback <br \/> Reservation \/ feedback"},"content":{"rendered":"<p>Wir danken Ihnen f\u00fcr Ihre Anfrage und freuen uns auf Ihren Besuch im Bolzenbacher Hof. Bitte senden Sie uns eine Email. Wir werden Ihre Anfrage umgehend \u00fcberpr\u00fcfen und Ihnen per Email eine Best\u00e4tigung senden. Sollten Sie eine spezielle Anfrage haben, k\u00f6nnen Sie uns gerne per Email \u00fcber info@bolzenbacher-hof.de kontaktieren. Wir stehen Ihnen auch gerne pers\u00f6nlich zur Beratung zur Verf\u00fcgung.<\/p>\n<p>Zimmerreservierung bitte an <a href=\"mailto:info@bolzenbacher-hof.de\">info@bolzenbacher-hof.de<\/a> oder <a href=\"mailto:bolzenbacher-hof@t-online.de\">bolzenbacher-hof@t-online.de<\/a> senden.<\/p>\n<p>Wir haben t\u00e4glich von 17:00 Uhr ge\u00f6ffnet.(Montags und Dienstag Ruhetag)<\/p>\n<p>Sie wollen uns ein Feedback geben?<br \/>\nBitte schreiben Sie uns direkt \u00fcber <strong><a href=\"mailto:info@bolzenbacher-hof.de\">info@bolzenbacher-hof.de<\/a><\/strong><em> eine E-mail.<br \/>\nVielen dank<\/p>\n<p>&#8211;<\/p>\n<p>Thank you for your inquiry and we look forward to your visit to the Bolzenbacher Hof. Please send us an email. We will review your request immediately and send you a confirmation via email. Should you have a specific request, please feel free to email us at info@bolzenbacher-hof.de . We are also happy to provide you with personal advice.<\/p>\n<p>Room reservation please at <a href=\"mailto:info@bolzenbacher-hof.de\">info@bolzenbacher-hof.de<\/a> or <a href=\"mailto:bolzenbacher-hof@t-online.de\">bolzenbacher-hof@t-online.de<\/a>.<\/p>\n<p>We are open daily from 5 p.m. (closed on Mondays and Tuesdays)<\/p>\n<p>You want to give us feedback?<br \/>\nPlease write us an e-mail directly via <strong><a href=\"mailto:info@bolzenbacher-hof.de\">info@bolzenbacher-hof.de<\/a><\/strong><em>.<br \/>\nThanks a lot<\/p>\n","protected":false},"excerpt":{"rendered":"<p>Wir danken Ihnen f\u00fcr Ihre Anfrage und freuen uns auf Ihren Besuch im Bolzenbacher Hof. Bitte senden Sie uns eine Email. Wir werden Ihre Anfrage umgehend \u00fcberpr\u00fcfen und Ihnen per&#8230; <\/p>\n","protected":false},"author":2,"featured_media":0,"parent":0,"menu_order":7,"comment_status":"closed","ping_status":"closed","template":"","meta":{"footnotes":""},"class_list":["post-127","page","type-page","status-publish","hentry"],"_links":{"self":[{"href":"https:\/\/www.bolzenbacher-hof.de\/index.php?rest_route=\/wp\/v2\/pages\/127","targetHints":{"allow":["GET"]}}],"collection":[{"href":"https:\/\/www.bolzenbacher-hof.de\/index.php?rest_route=\/wp\/v2\/pages"}],"about":[{"href":"https:\/\/www.bolzenbacher-hof.de\/index.php?rest_route=\/wp\/v2\/types\/page"}],"author":[{"embeddable":true,"href":"https:\/\/www.bolzenbacher-hof.de\/index.php?rest_route=\/wp\/v2\/users\/2"}],"replies":[{"embeddable":true,"href":"https:\/\/www.bolzenbacher-hof.de\/index.php?rest_route=%2Fwp%2Fv2%2Fcomments&post=127"}],"version-history":[{"count":9,"href":"https:\/\/www.bolzenbacher-hof.de\/index.php?rest_route=\/wp\/v2\/pages\/127\/revisions"}],"predecessor-version":[{"id":667,"href":"https:\/\/www.bolzenbacher-hof.de\/index.php?rest_route=\/wp\/v2\/pages\/127\/revisions\/667"}],"wp:attachment":[{"href":"https:\/\/www.bolzenbacher-hof.de\/index.php?rest_route=%2Fwp%2Fv2%2Fmedia&parent=127"}],"curies":[{"name":"wp","href":"https:\/\/api.w.org\/{rel}","templated":true}]}}